{"id":56,"date":"2017-03-24T12:00:16","date_gmt":"2017-03-24T12:00:16","guid":{"rendered":"http:\/\/pension-ziegelwall.de\/?page_id=56"},"modified":"2022-06-16T10:03:06","modified_gmt":"2022-06-16T10:03:06","slug":"unsere-zimmer","status":"publish","type":"page","link":"https:\/\/pension-ziegelwall.de\/?page_id=56","title":{"rendered":"unsere Zimmer"},"content":{"rendered":"<p>Unsere kleine Pension h\u00e4lt f\u00fcr Sie 5 modern eingerichtete Doppelbettzimmer bereit.<br \/>\nJedes Zimmer verf\u00fcgt \u00fcber einen eigenen Eingang und ist wie folgt ausgestattet:<\/p>\n<p>\u2022 Doppelbett<br \/>\n\u2022 WC<br \/>\n\u2022 Dusche<br \/>\n\u2022 Schrank mit Innenspiegel<br \/>\n\u2022 kleiner Schreibtisch mit Stuhl<br \/>\n\u2022 Flachbild \u2013 TV<br \/>\n\u2022 kostenloses WLAN<br \/>\n\u2022 Handt\u00fccher<br \/>\n\u2022 Bettw\u00e4sche<\/p>\n<p>Damit Sie gut in den Tag starten k\u00f6nnen, bieten wir Ihnen unseren Fr\u00fchst\u00fccksservice\u00a0 von 08:00 Uhr bis 10:00 Uhr in unserem Fr\u00fchst\u00fccksraum an. F\u00fcr Fr\u00fchaufsteher stellen wir auch gern ein Lunchpaket zur Verf\u00fcgung.<\/p>\n<p>Des Weiteren stehen kostenlose PKW &#8211; Parkpl\u00e4tze direkt auf unserem Grundst\u00fcck zur Verf\u00fcgung.<\/p>\n<p>Ihr Fahrrad k\u00f6nnen Sie an einem Fahrradst\u00e4nder im Innenhof sicher anschlie\u00dfen.\u00a0 Wir bitten von einer Unterbringung Ihres Rades in den Pensionszimmern abzusehen, um die Einrichtung nicht zu besch\u00e4digen.<\/p>\n<div id='gallery-1' class='gallery galleryid-56 gallery-columns-4 gallery-size-thumbnail'><figure class='gallery-item'>\n\t\t\t<div class='gallery-icon landscape'>\n\t\t\t\t<a href='https:\/\/pension-ziegelwall.de\/wp-content\/uploads\/2019\/08\/Zimmer-5-Doppelzimmer.jpg'><img loading=\"lazy\" decoding=\"async\" width=\"150\" height=\"150\" src=\"https:\/\/pension-ziegelwall.de\/wp-content\/uploads\/2019\/08\/Zimmer-5-Doppelzimmer-150x150.jpg\" class=\"attachment-thumbnail size-thumbnail\" alt=\"\" aria-describedby=\"gallery-1-375\" srcset=\"https:\/\/pension-ziegelwall.de\/wp-content\/uploads\/2019\/08\/Zimmer-5-Doppelzimmer-150x150.jpg 150w, https:\/\/pension-ziegelwall.de\/wp-content\/uploads\/2019\/08\/Zimmer-5-Doppelzimmer-100x100.jpg 100w\" sizes=\"auto, 100vw\" \/><\/a>\n\t\t\t<\/div>\n\t\t\t\t<figcaption class='wp-caption-text gallery-caption' id='gallery-1-375'>\n\t\t\t\tDoppelbettzimmer\n\t\t\t\t<\/figcaption><\/figure><figure class='gallery-item'>\n\t\t\t<div class='gallery-icon landscape'>\n\t\t\t\t<a href='https:\/\/pension-ziegelwall.de\/wp-content\/uploads\/2019\/08\/Einzelzimmer_19.jpg'><img loading=\"lazy\" decoding=\"async\" width=\"150\" height=\"150\" src=\"https:\/\/pension-ziegelwall.de\/wp-content\/uploads\/2019\/08\/Einzelzimmer_19-150x150.jpg\" class=\"attachment-thumbnail size-thumbnail\" alt=\"\" aria-describedby=\"gallery-1-376\" srcset=\"https:\/\/pension-ziegelwall.de\/wp-content\/uploads\/2019\/08\/Einzelzimmer_19-150x150.jpg 150w, https:\/\/pension-ziegelwall.de\/wp-content\/uploads\/2019\/08\/Einzelzimmer_19-100x100.jpg 100w\" sizes=\"auto, 100vw\" \/><\/a>\n\t\t\t<\/div>\n\t\t\t\t<figcaption class='wp-caption-text gallery-caption' id='gallery-1-376'>\n\t\t\t\tEinzelbettzimmer\n\t\t\t\t<\/figcaption><\/figure><figure class='gallery-item'>\n\t\t\t<div class='gallery-icon landscape'>\n\t\t\t\t<a href='https:\/\/pension-ziegelwall.de\/wp-content\/uploads\/2019\/08\/IMG_6073.jpg'><img loading=\"lazy\" decoding=\"async\" width=\"150\" height=\"150\" src=\"https:\/\/pension-ziegelwall.de\/wp-content\/uploads\/2019\/08\/IMG_6073-150x150.jpg\" class=\"attachment-thumbnail size-thumbnail\" alt=\"\" aria-describedby=\"gallery-1-374\" srcset=\"https:\/\/pension-ziegelwall.de\/wp-content\/uploads\/2019\/08\/IMG_6073-150x150.jpg 150w, https:\/\/pension-ziegelwall.de\/wp-content\/uploads\/2019\/08\/IMG_6073-100x100.jpg 100w\" sizes=\"auto, 100vw\" \/><\/a>\n\t\t\t<\/div>\n\t\t\t\t<figcaption class='wp-caption-text gallery-caption' id='gallery-1-374'>\n\t\t\t\tkleiner Schreibtisch\n\t\t\t\t<\/figcaption><\/figure><figure class='gallery-item'>\n\t\t\t<div class='gallery-icon landscape'>\n\t\t\t\t<a href='https:\/\/pension-ziegelwall.de\/wp-content\/uploads\/2017\/03\/IMG_3167-1.jpg'><img loading=\"lazy\" decoding=\"async\" width=\"150\" height=\"150\" src=\"https:\/\/pension-ziegelwall.de\/wp-content\/uploads\/2017\/03\/IMG_3167-1-150x150.jpg\" class=\"attachment-thumbnail size-thumbnail\" alt=\"\" aria-describedby=\"gallery-1-105\" srcset=\"https:\/\/pension-ziegelwall.de\/wp-content\/uploads\/2017\/03\/IMG_3167-1-150x150.jpg 150w, https:\/\/pension-ziegelwall.de\/wp-content\/uploads\/2017\/03\/IMG_3167-1-100x100.jpg 100w\" sizes=\"auto, 100vw\" \/><\/a>\n\t\t\t<\/div>\n\t\t\t\t<figcaption class='wp-caption-text gallery-caption' id='gallery-1-105'>\n\t\t\t\tseparater Eingang \n\t\t\t\t<\/figcaption><\/figure><figure class='gallery-item'>\n\t\t\t<div class='gallery-icon landscape'>\n\t\t\t\t<a href='https:\/\/pension-ziegelwall.de\/wp-content\/uploads\/2017\/03\/IMG_3203.jpg'><img loading=\"lazy\" decoding=\"async\" width=\"150\" height=\"150\" src=\"https:\/\/pension-ziegelwall.de\/wp-content\/uploads\/2017\/03\/IMG_3203-150x150.jpg\" class=\"attachment-thumbnail size-thumbnail\" alt=\"\" aria-describedby=\"gallery-1-113\" srcset=\"https:\/\/pension-ziegelwall.de\/wp-content\/uploads\/2017\/03\/IMG_3203-150x150.jpg 150w, https:\/\/pension-ziegelwall.de\/wp-content\/uploads\/2017\/03\/IMG_3203-100x100.jpg 100w\" sizes=\"auto, 100vw\" \/><\/a>\n\t\t\t<\/div>\n\t\t\t\t<figcaption class='wp-caption-text gallery-caption' id='gallery-1-113'>\n\t\t\t\tTV\n\t\t\t\t<\/figcaption><\/figure><figure class='gallery-item'>\n\t\t\t<div class='gallery-icon portrait'>\n\t\t\t\t<a href='https:\/\/pension-ziegelwall.de\/wp-content\/uploads\/2017\/03\/IMG_3181.jpg'><img loading=\"lazy\" decoding=\"async\" width=\"150\" height=\"150\" src=\"https:\/\/pension-ziegelwall.de\/wp-content\/uploads\/2017\/03\/IMG_3181-150x150.jpg\" class=\"attachment-thumbnail size-thumbnail\" alt=\"\" aria-describedby=\"gallery-1-108\" srcset=\"https:\/\/pension-ziegelwall.de\/wp-content\/uploads\/2017\/03\/IMG_3181-150x150.jpg 150w, https:\/\/pension-ziegelwall.de\/wp-content\/uploads\/2017\/03\/IMG_3181-100x100.jpg 100w\" sizes=\"auto, 100vw\" \/><\/a>\n\t\t\t<\/div>\n\t\t\t\t<figcaption class='wp-caption-text gallery-caption' id='gallery-1-108'>\n\t\t\t\tBad\n\t\t\t\t<\/figcaption><\/figure><figure class='gallery-item'>\n\t\t\t<div class='gallery-icon portrait'>\n\t\t\t\t<a href='https:\/\/pension-ziegelwall.de\/wp-content\/uploads\/2017\/03\/IMG_3184.jpg'><img loading=\"lazy\" decoding=\"async\" width=\"150\" height=\"150\" src=\"https:\/\/pension-ziegelwall.de\/wp-content\/uploads\/2017\/03\/IMG_3184-150x150.jpg\" class=\"attachment-thumbnail size-thumbnail\" alt=\"\" aria-describedby=\"gallery-1-110\" srcset=\"https:\/\/pension-ziegelwall.de\/wp-content\/uploads\/2017\/03\/IMG_3184-150x150.jpg 150w, https:\/\/pension-ziegelwall.de\/wp-content\/uploads\/2017\/03\/IMG_3184-100x100.jpg 100w\" sizes=\"auto, 100vw\" \/><\/a>\n\t\t\t<\/div>\n\t\t\t\t<figcaption class='wp-caption-text gallery-caption' id='gallery-1-110'>\n\t\t\t\tDusche\n\t\t\t\t<\/figcaption><\/figure><figure class='gallery-item'>\n\t\t\t<div class='gallery-icon portrait'>\n\t\t\t\t<a href='https:\/\/pension-ziegelwall.de\/wp-content\/uploads\/2019\/08\/Bad_19.jpg'><img loading=\"lazy\" decoding=\"async\" width=\"150\" height=\"150\" src=\"https:\/\/pension-ziegelwall.de\/wp-content\/uploads\/2019\/08\/Bad_19-150x150.jpg\" class=\"attachment-thumbnail size-thumbnail\" alt=\"\" aria-describedby=\"gallery-1-371\" srcset=\"https:\/\/pension-ziegelwall.de\/wp-content\/uploads\/2019\/08\/Bad_19-150x150.jpg 150w, https:\/\/pension-ziegelwall.de\/wp-content\/uploads\/2019\/08\/Bad_19-100x100.jpg 100w\" sizes=\"auto, 100vw\" \/><\/a>\n\t\t\t<\/div>\n\t\t\t\t<figcaption class='wp-caption-text gallery-caption' id='gallery-1-371'>\n\t\t\t\tBad\n\t\t\t\t<\/figcaption><\/figure><figure class='gallery-item'>\n\t\t\t<div class='gallery-icon portrait'>\n\t\t\t\t<a href='https:\/\/pension-ziegelwall.de\/wp-content\/uploads\/2017\/03\/IMG_3163.jpg'><img loading=\"lazy\" decoding=\"async\" width=\"150\" height=\"150\" src=\"https:\/\/pension-ziegelwall.de\/wp-content\/uploads\/2017\/03\/IMG_3163-150x150.jpg\" class=\"attachment-thumbnail size-thumbnail\" alt=\"\" aria-describedby=\"gallery-1-41\" srcset=\"https:\/\/pension-ziegelwall.de\/wp-content\/uploads\/2017\/03\/IMG_3163-150x150.jpg 150w, https:\/\/pension-ziegelwall.de\/wp-content\/uploads\/2017\/03\/IMG_3163-100x100.jpg 100w\" sizes=\"auto, 100vw\" \/><\/a>\n\t\t\t<\/div>\n\t\t\t\t<figcaption class='wp-caption-text gallery-caption' id='gallery-1-41'>\n\t\t\t\tLaubengang\n\t\t\t\t<\/figcaption><\/figure><figure class='gallery-item'>\n\t\t\t<div class='gallery-icon portrait'>\n\t\t\t\t<a href='https:\/\/pension-ziegelwall.de\/wp-content\/uploads\/2017\/08\/IMG_3572.jpg'><img loading=\"lazy\" decoding=\"async\" width=\"150\" height=\"150\" src=\"https:\/\/pension-ziegelwall.de\/wp-content\/uploads\/2017\/08\/IMG_3572-150x150.jpg\" class=\"attachment-thumbnail size-thumbnail\" alt=\"\" aria-describedby=\"gallery-1-228\" srcset=\"https:\/\/pension-ziegelwall.de\/wp-content\/uploads\/2017\/08\/IMG_3572-150x150.jpg 150w, https:\/\/pension-ziegelwall.de\/wp-content\/uploads\/2017\/08\/IMG_3572-100x100.jpg 100w\" sizes=\"auto, 100vw\" \/><\/a>\n\t\t\t<\/div>\n\t\t\t\t<figcaption class='wp-caption-text gallery-caption' id='gallery-1-228'>\n\t\t\t\tWir freuen uns auf Sie.\n\t\t\t\t<\/figcaption><\/figure><figure class='gallery-item'>\n\t\t\t<div class='gallery-icon portrait'>\n\t\t\t\t<a href='https:\/\/pension-ziegelwall.de\/wp-content\/uploads\/2019\/08\/Fr\u00fchst\u00fcck_1.jpg'><img loading=\"lazy\" decoding=\"async\" width=\"150\" height=\"150\" src=\"https:\/\/pension-ziegelwall.de\/wp-content\/uploads\/2019\/08\/Fr\u00fchst\u00fcck_1-150x150.jpg\" class=\"attachment-thumbnail size-thumbnail\" alt=\"\" aria-describedby=\"gallery-1-384\" srcset=\"https:\/\/pension-ziegelwall.de\/wp-content\/uploads\/2019\/08\/Fr\u00fchst\u00fcck_1-150x150.jpg 150w, https:\/\/pension-ziegelwall.de\/wp-content\/uploads\/2019\/08\/Fr\u00fchst\u00fcck_1-100x100.jpg 100w\" sizes=\"auto, 100vw\" \/><\/a>\n\t\t\t<\/div>\n\t\t\t\t<figcaption class='wp-caption-text gallery-caption' id='gallery-1-384'>\n\t\t\t\tFr\u00fchst\u00fccksservice\n\t\t\t\t<\/figcaption><\/figure><figure class='gallery-item'>\n\t\t\t<div class='gallery-icon portrait'>\n\t\t\t\t<a href='https:\/\/pension-ziegelwall.de\/wp-content\/uploads\/2019\/08\/Fr\u00fchst\u00fccksraum.jpg'><img loading=\"lazy\" decoding=\"async\" width=\"150\" height=\"150\" src=\"https:\/\/pension-ziegelwall.de\/wp-content\/uploads\/2019\/08\/Fr\u00fchst\u00fccksraum-150x150.jpg\" class=\"attachment-thumbnail size-thumbnail\" alt=\"\" aria-describedby=\"gallery-1-382\" srcset=\"https:\/\/pension-ziegelwall.de\/wp-content\/uploads\/2019\/08\/Fr\u00fchst\u00fccksraum-150x150.jpg 150w, https:\/\/pension-ziegelwall.de\/wp-content\/uploads\/2019\/08\/Fr\u00fchst\u00fccksraum-100x100.jpg 100w\" sizes=\"auto, 100vw\" \/><\/a>\n\t\t\t<\/div>\n\t\t\t\t<figcaption class='wp-caption-text gallery-caption' id='gallery-1-382'>\n\t\t\t\tFr\u00fchst\u00fccksraum im EG\n\t\t\t\t<\/figcaption><\/figure>\n\t\t<\/div>\n\n","protected":false},"excerpt":{"rendered":"<p>Unsere kleine Pension h\u00e4lt f\u00fcr Sie 5 modern eingerichtete Doppelbettzimmer bereit. Jedes Zimmer verf\u00fcgt \u00fcber einen eigenen Eingang und ist wie folgt ausgestattet: \u2022 Doppelbett \u2022 WC \u2022 Dusche \u2022 Schrank mit Innenspiegel \u2022 kleiner Schreibtisch mit Stuhl \u2022 Flachbild \u2013 TV \u2022 kostenloses WLAN \u2022 Handt\u00fccher \u2022 Bettw\u00e4sche Damit Sie gut in den Tag &hellip; <\/p>\n<p class=\"link-more\"><a href=\"https:\/\/pension-ziegelwall.de\/?page_id=56\" class=\"more-link\"><span class=\"screen-reader-text\">\u201eunsere Zimmer\u201c<\/span> weiterlesen<\/a><\/p>\n","protected":false},"author":1,"featured_media":370,"parent":0,"menu_order":0,"comment_status":"closed","ping_status":"closed","template":"","meta":{"footnotes":""},"class_list":["post-56","page","type-page","status-publish","has-post-thumbnail","hentry"],"_links":{"self":[{"href":"https:\/\/pension-ziegelwall.de\/index.php?rest_route=\/wp\/v2\/pages\/56","targetHints":{"allow":["GET"]}}],"collection":[{"href":"https:\/\/pension-ziegelwall.de\/index.php?rest_route=\/wp\/v2\/pages"}],"about":[{"href":"https:\/\/pension-ziegelwall.de\/index.php?rest_route=\/wp\/v2\/types\/page"}],"author":[{"embeddable":true,"href":"https:\/\/pension-ziegelwall.de\/index.php?rest_route=\/wp\/v2\/users\/1"}],"replies":[{"embeddable":true,"href":"https:\/\/pension-ziegelwall.de\/index.php?rest_route=%2Fwp%2Fv2%2Fcomments&post=56"}],"version-history":[{"count":16,"href":"https:\/\/pension-ziegelwall.de\/index.php?rest_route=\/wp\/v2\/pages\/56\/revisions"}],"predecessor-version":[{"id":554,"href":"https:\/\/pension-ziegelwall.de\/index.php?rest_route=\/wp\/v2\/pages\/56\/revisions\/554"}],"wp:featuredmedia":[{"embeddable":true,"href":"https:\/\/pension-ziegelwall.de\/index.php?rest_route=\/wp\/v2\/media\/370"}],"wp:attachment":[{"href":"https:\/\/pension-ziegelwall.de\/index.php?rest_route=%2Fwp%2Fv2%2Fmedia&parent=56"}],"curies":[{"name":"wp","href":"https:\/\/api.w.org\/{rel}","templated":true}]}}