{"id":59,"date":"2017-03-24T12:00:16","date_gmt":"2017-03-24T12:00:16","guid":{"rendered":"http:\/\/pension-ziegelwall.de\/?page_id=59"},"modified":"2019-08-16T11:19:23","modified_gmt":"2019-08-16T11:19:23","slug":"pension","status":"publish","type":"page","link":"https:\/\/pension-ziegelwall.de\/?page_id=59","title":{"rendered":"Pension"},"content":{"rendered":"<p><em>Aus einer Idee wird Wirklichkeit!<\/em><\/p>\n<p>Im Jahr 2010\u00a0wurde das Grundst\u00fcck am Ziegelwall 4 von der Firma energie bautzen eG erworben.\u00a0 Auf diesem befand sich ein sanierungsbed\u00fcrftiges Wohnhaus mit\u00a0Nebengeb\u00e4ude.<\/p>\n<p><span style=\"color: #000000;\"><a href=\"http:\/\/pension-ziegelwall.de\/wp-content\/uploads\/2017\/03\/Wohnhaus-bearbeitet.jpg\"><img loading=\"lazy\" decoding=\"async\" class=\"aligncenter wp-image-199 size-medium\" src=\"http:\/\/pension-ziegelwall.de\/wp-content\/uploads\/2017\/03\/Wohnhaus-bearbeitet-300x225.jpg\" alt=\"\" width=\"300\" height=\"225\" srcset=\"https:\/\/pension-ziegelwall.de\/wp-content\/uploads\/2017\/03\/Wohnhaus-bearbeitet-300x225.jpg 300w, https:\/\/pension-ziegelwall.de\/wp-content\/uploads\/2017\/03\/Wohnhaus-bearbeitet-768x576.jpg 768w, https:\/\/pension-ziegelwall.de\/wp-content\/uploads\/2017\/03\/Wohnhaus-bearbeitet-1024x768.jpg 1024w\" sizes=\"auto, (max-width: 300px) 100vw, 300px\" \/><\/a><\/span><\/p>\n<p>Beide Geb\u00e4ude befanden sich in einem sehr schlechten Zustand und mussten von Grund auf saniert werden. 2011 wurde mit der Sanierung des Wohngeb\u00e4udes begonnen, welche im Mai 2015 abgeschlossen werden konnte.<\/p>\n<div id='gallery-1' class='gallery galleryid-59 gallery-columns-3 gallery-size-thumbnail'><figure class='gallery-item'>\n\t\t\t<div class='gallery-icon landscape'>\n\t\t\t\t<a href='https:\/\/pension-ziegelwall.de\/wp-content\/uploads\/2017\/04\/IMG_2481.jpg'><img loading=\"lazy\" decoding=\"async\" width=\"150\" height=\"150\" src=\"https:\/\/pension-ziegelwall.de\/wp-content\/uploads\/2017\/04\/IMG_2481-150x150.jpg\" class=\"attachment-thumbnail size-thumbnail\" alt=\"\" srcset=\"https:\/\/pension-ziegelwall.de\/wp-content\/uploads\/2017\/04\/IMG_2481-150x150.jpg 150w, https:\/\/pension-ziegelwall.de\/wp-content\/uploads\/2017\/04\/IMG_2481-100x100.jpg 100w\" sizes=\"auto, 100vw\" \/><\/a>\n\t\t\t<\/div><\/figure><figure class='gallery-item'>\n\t\t\t<div class='gallery-icon landscape'>\n\t\t\t\t<a href='https:\/\/pension-ziegelwall.de\/wp-content\/uploads\/2017\/04\/IMG_2528.jpg'><img loading=\"lazy\" decoding=\"async\" width=\"150\" height=\"150\" src=\"https:\/\/pension-ziegelwall.de\/wp-content\/uploads\/2017\/04\/IMG_2528-150x150.jpg\" class=\"attachment-thumbnail size-thumbnail\" alt=\"\" srcset=\"https:\/\/pension-ziegelwall.de\/wp-content\/uploads\/2017\/04\/IMG_2528-150x150.jpg 150w, https:\/\/pension-ziegelwall.de\/wp-content\/uploads\/2017\/04\/IMG_2528-100x100.jpg 100w\" sizes=\"auto, 100vw\" \/><\/a>\n\t\t\t<\/div><\/figure><figure class='gallery-item'>\n\t\t\t<div class='gallery-icon landscape'>\n\t\t\t\t<a href='https:\/\/pension-ziegelwall.de\/wp-content\/uploads\/2017\/04\/IMG_2540.jpg'><img loading=\"lazy\" decoding=\"async\" width=\"150\" height=\"150\" src=\"https:\/\/pension-ziegelwall.de\/wp-content\/uploads\/2017\/04\/IMG_2540-150x150.jpg\" class=\"attachment-thumbnail size-thumbnail\" alt=\"\" srcset=\"https:\/\/pension-ziegelwall.de\/wp-content\/uploads\/2017\/04\/IMG_2540-150x150.jpg 150w, https:\/\/pension-ziegelwall.de\/wp-content\/uploads\/2017\/04\/IMG_2540-100x100.jpg 100w\" sizes=\"auto, 100vw\" \/><\/a>\n\t\t\t<\/div><\/figure>\n\t\t<\/div>\n\n<p>Danach stellte sich die Frage: &#8222;Was wird mit dem Nebengeb\u00e4ude? &#8222;Welches zuvor als Wohn- und Gesch\u00e4ftsgeb\u00e4ude genutzt wurde.\u00a0\u00a0Die Idee\u00a0aus dem Geb\u00e4ude eine Pension zu errichten war\u00a0schnell gefunden.\u00a0So folgten\u00a0aus Worten Taten und aus Alt wurde Neu.<\/p>\n<div id='gallery-2' class='gallery galleryid-59 gallery-columns-3 gallery-size-thumbnail'><figure class='gallery-item'>\n\t\t\t<div class='gallery-icon landscape'>\n\t\t\t\t<a href='https:\/\/pension-ziegelwall.de\/wp-content\/uploads\/2017\/04\/IMG_2941.jpg'><img loading=\"lazy\" decoding=\"async\" width=\"150\" height=\"150\" src=\"https:\/\/pension-ziegelwall.de\/wp-content\/uploads\/2017\/04\/IMG_2941-150x150.jpg\" class=\"attachment-thumbnail size-thumbnail\" alt=\"\" srcset=\"https:\/\/pension-ziegelwall.de\/wp-content\/uploads\/2017\/04\/IMG_2941-150x150.jpg 150w, https:\/\/pension-ziegelwall.de\/wp-content\/uploads\/2017\/04\/IMG_2941-100x100.jpg 100w\" sizes=\"auto, 100vw\" \/><\/a>\n\t\t\t<\/div><\/figure><figure class='gallery-item'>\n\t\t\t<div class='gallery-icon landscape'>\n\t\t\t\t<a href='https:\/\/pension-ziegelwall.de\/wp-content\/uploads\/2017\/04\/IMG_3227.jpg'><img loading=\"lazy\" decoding=\"async\" width=\"150\" height=\"150\" src=\"https:\/\/pension-ziegelwall.de\/wp-content\/uploads\/2017\/04\/IMG_3227-150x150.jpg\" class=\"attachment-thumbnail size-thumbnail\" alt=\"\" srcset=\"https:\/\/pension-ziegelwall.de\/wp-content\/uploads\/2017\/04\/IMG_3227-150x150.jpg 150w, https:\/\/pension-ziegelwall.de\/wp-content\/uploads\/2017\/04\/IMG_3227-100x100.jpg 100w\" sizes=\"auto, 100vw\" \/><\/a>\n\t\t\t<\/div><\/figure><figure class='gallery-item'>\n\t\t\t<div class='gallery-icon landscape'>\n\t\t\t\t<a href='https:\/\/pension-ziegelwall.de\/wp-content\/uploads\/2017\/04\/IMG_3344.jpg'><img loading=\"lazy\" decoding=\"async\" width=\"150\" height=\"150\" src=\"https:\/\/pension-ziegelwall.de\/wp-content\/uploads\/2017\/04\/IMG_3344-150x150.jpg\" class=\"attachment-thumbnail size-thumbnail\" alt=\"\" srcset=\"https:\/\/pension-ziegelwall.de\/wp-content\/uploads\/2017\/04\/IMG_3344-150x150.jpg 150w, https:\/\/pension-ziegelwall.de\/wp-content\/uploads\/2017\/04\/IMG_3344-100x100.jpg 100w\" sizes=\"auto, 100vw\" \/><\/a>\n\t\t\t<\/div><\/figure>\n\t\t<\/div>\n\n<p>Heute pr\u00e4sentieren sich beide H\u00e4user im neuen Licht.<\/p>\n<div id='gallery-3' class='gallery galleryid-59 gallery-columns-3 gallery-size-thumbnail'><figure class='gallery-item'>\n\t\t\t<div class='gallery-icon landscape'>\n\t\t\t\t<a href='https:\/\/pension-ziegelwall.de\/wp-content\/uploads\/2017\/03\/Wohnhaus-ZW-4-2017.jpg'><img loading=\"lazy\" decoding=\"async\" width=\"150\" height=\"150\" src=\"https:\/\/pension-ziegelwall.de\/wp-content\/uploads\/2017\/03\/Wohnhaus-ZW-4-2017-150x150.jpg\" class=\"attachment-thumbnail size-thumbnail\" alt=\"\" srcset=\"https:\/\/pension-ziegelwall.de\/wp-content\/uploads\/2017\/03\/Wohnhaus-ZW-4-2017-150x150.jpg 150w, https:\/\/pension-ziegelwall.de\/wp-content\/uploads\/2017\/03\/Wohnhaus-ZW-4-2017-100x100.jpg 100w\" sizes=\"auto, 100vw\" \/><\/a>\n\t\t\t<\/div><\/figure><figure class='gallery-item'>\n\t\t\t<div class='gallery-icon portrait'>\n\t\t\t\t<a href='https:\/\/pension-ziegelwall.de\/wp-content\/uploads\/2019\/05\/Einfahrt_1.jpg'><img loading=\"lazy\" decoding=\"async\" width=\"150\" height=\"150\" src=\"https:\/\/pension-ziegelwall.de\/wp-content\/uploads\/2019\/05\/Einfahrt_1-150x150.jpg\" class=\"attachment-thumbnail size-thumbnail\" alt=\"\" srcset=\"https:\/\/pension-ziegelwall.de\/wp-content\/uploads\/2019\/05\/Einfahrt_1-150x150.jpg 150w, https:\/\/pension-ziegelwall.de\/wp-content\/uploads\/2019\/05\/Einfahrt_1-100x100.jpg 100w\" sizes=\"auto, 100vw\" \/><\/a>\n\t\t\t<\/div><\/figure><figure class='gallery-item'>\n\t\t\t<div class='gallery-icon landscape'>\n\t\t\t\t<a href='https:\/\/pension-ziegelwall.de\/wp-content\/uploads\/2017\/08\/cropped-IMG_3581.jpg'><img loading=\"lazy\" decoding=\"async\" width=\"150\" height=\"150\" src=\"https:\/\/pension-ziegelwall.de\/wp-content\/uploads\/2017\/08\/cropped-IMG_3581-150x150.jpg\" class=\"attachment-thumbnail size-thumbnail\" alt=\"\" srcset=\"https:\/\/pension-ziegelwall.de\/wp-content\/uploads\/2017\/08\/cropped-IMG_3581-150x150.jpg 150w, https:\/\/pension-ziegelwall.de\/wp-content\/uploads\/2017\/08\/cropped-IMG_3581-100x100.jpg 100w\" sizes=\"auto, 100vw\" \/><\/a>\n\t\t\t<\/div><\/figure>\n\t\t<\/div>\n\n","protected":false},"excerpt":{"rendered":"<p>Aus einer Idee wird Wirklichkeit! Im Jahr 2010\u00a0wurde das Grundst\u00fcck am Ziegelwall 4 von der Firma energie bautzen eG erworben.\u00a0 Auf diesem befand sich ein sanierungsbed\u00fcrftiges Wohnhaus mit\u00a0Nebengeb\u00e4ude. Beide Geb\u00e4ude befanden sich in einem sehr schlechten Zustand und mussten von Grund auf saniert werden. 2011 wurde mit der Sanierung des Wohngeb\u00e4udes begonnen, welche im Mai &hellip; <\/p>\n<p class=\"link-more\"><a href=\"https:\/\/pension-ziegelwall.de\/?page_id=59\" class=\"more-link\"><span class=\"screen-reader-text\">\u201ePension\u201c<\/span> weiterlesen<\/a><\/p>\n","protected":false},"author":1,"featured_media":379,"parent":0,"menu_order":0,"comment_status":"closed","ping_status":"closed","template":"","meta":{"footnotes":""},"class_list":["post-59","page","type-page","status-publish","has-post-thumbnail","hentry"],"_links":{"self":[{"href":"https:\/\/pension-ziegelwall.de\/index.php?rest_route=\/wp\/v2\/pages\/59","targetHints":{"allow":["GET"]}}],"collection":[{"href":"https:\/\/pension-ziegelwall.de\/index.php?rest_route=\/wp\/v2\/pages"}],"about":[{"href":"https:\/\/pension-ziegelwall.de\/index.php?rest_route=\/wp\/v2\/types\/page"}],"author":[{"embeddable":true,"href":"https:\/\/pension-ziegelwall.de\/index.php?rest_route=\/wp\/v2\/users\/1"}],"replies":[{"embeddable":true,"href":"https:\/\/pension-ziegelwall.de\/index.php?rest_route=%2Fwp%2Fv2%2Fcomments&post=59"}],"version-history":[{"count":17,"href":"https:\/\/pension-ziegelwall.de\/index.php?rest_route=\/wp\/v2\/pages\/59\/revisions"}],"predecessor-version":[{"id":381,"href":"https:\/\/pension-ziegelwall.de\/index.php?rest_route=\/wp\/v2\/pages\/59\/revisions\/381"}],"wp:featuredmedia":[{"embeddable":true,"href":"https:\/\/pension-ziegelwall.de\/index.php?rest_route=\/wp\/v2\/media\/379"}],"wp:attachment":[{"href":"https:\/\/pension-ziegelwall.de\/index.php?rest_route=%2Fwp%2Fv2%2Fmedia&parent=59"}],"curies":[{"name":"wp","href":"https:\/\/api.w.org\/{rel}","templated":true}]}}