{"id":82,"date":"2017-03-24T12:16:00","date_gmt":"2017-03-24T12:16:00","guid":{"rendered":"http:\/\/pension-ziegelwall.de\/?page_id=82"},"modified":"2019-05-24T05:34:04","modified_gmt":"2019-05-24T05:34:04","slug":"zimmeranfrage","status":"publish","type":"page","link":"https:\/\/pension-ziegelwall.de\/?page_id=82","title":{"rendered":"Zimmeranfrage"},"content":{"rendered":"<p>Wir w\u00fcrden uns freuen, Sie in unserer Pension, in der Mitte der wundersch\u00f6nen Stadt Bautzen, begr\u00fc\u00dfen zu d\u00fcrfen.<\/p>\n<p>Ihre Buchungsanfrage k\u00f6nnen sie telefonisch, per E-Mail oder \u00fcber unten\u00a0stehendes\u00a0Kontaktformular problemlos\u00a0an uns richten.<\/p>\n<p style=\"text-align: left;\"><em>Telefon:<\/em>\u00a0\u00a0\u00a003591\/ 5794002 oder<\/p>\n<p style=\"text-align: left;\">\u00a0\u00a0\u00a0\u00a0\u00a0\u00a0\u00a0\u00a0\u00a0\u00a0\u00a0\u00a0\u00a0\u00a0\u00a0\u00a0\u00a0\u00a0\u00a0\u00a0 0173\/ 4826157 und 0173\/ 4827397<\/p>\n<p style=\"text-align: left;\"><em>E-Mail:<\/em>\u00a0\u00a0\u00a0\u00a0\u00a0<a href=\"mailto:info@pension-ziegelwall.de\">info@pension-ziegelwall.de<\/a><\/p>\n<hr \/>\n\n<div class=\"wpcf7 no-js\" id=\"wpcf7-f300-o1\" lang=\"de-DE\" dir=\"ltr\">\n<div class=\"screen-reader-response\"><p role=\"status\" aria-live=\"polite\" aria-atomic=\"true\"><\/p> <ul><\/ul><\/div>\n<form action=\"\/index.php?rest_route=%2Fwp%2Fv2%2Fpages%2F82#wpcf7-f300-o1\" method=\"post\" class=\"wpcf7-form init\" aria-label=\"Kontaktformular\" novalidate=\"novalidate\" data-status=\"init\">\n<div style=\"display: none;\">\n<input type=\"hidden\" name=\"_wpcf7\" value=\"300\" \/>\n<input type=\"hidden\" name=\"_wpcf7_version\" value=\"5.9.8\" \/>\n<input type=\"hidden\" name=\"_wpcf7_locale\" value=\"de_DE\" \/>\n<input type=\"hidden\" name=\"_wpcf7_unit_tag\" value=\"wpcf7-f300-o1\" \/>\n<input type=\"hidden\" name=\"_wpcf7_container_post\" value=\"0\" \/>\n<input type=\"hidden\" name=\"_wpcf7_posted_data_hash\" value=\"\" \/>\n<\/div>\n<p>Kontaktformular\n<\/p>\n<p> Dein Name (Pflichtfeld)<br\n    <span class=\"wpcf7-form-control-wrap\" data-name=\"your-name\"><input size=\"40\" maxlength=\"400\" class=\"wpcf7-form-control wpcf7-text wpcf7-validates-as-required\" aria-required=\"true\" aria-invalid=\"false\" value=\"\" type=\"text\" name=\"your-name\" \/><\/span>\n<\/p>\n<p> Strasse \/ Nr. (Pflichtfeld)<br\n    <span class=\"wpcf7-form-control-wrap\" data-name=\"strasse\"><input size=\"40\" maxlength=\"400\" class=\"wpcf7-form-control wpcf7-text wpcf7-validates-as-required\" aria-required=\"true\" aria-invalid=\"false\" value=\"\" type=\"text\" name=\"strasse\" \/><\/span>\n<\/p>\n<p> PLZ \/ Ort (Pflichtfeld)<br\n    <span class=\"wpcf7-form-control-wrap\" data-name=\"plzort\"><input size=\"40\" maxlength=\"400\" class=\"wpcf7-form-control wpcf7-text wpcf7-validates-as-required\" aria-required=\"true\" aria-invalid=\"false\" value=\"\" type=\"text\" name=\"plzort\" \/><\/span>\n<\/p>\n<p> Deine E-Mail-Adresse (Pflichtfeld)<br\n    <span class=\"wpcf7-form-control-wrap\" data-name=\"your-email\"><input size=\"40\" maxlength=\"400\" class=\"wpcf7-form-control wpcf7-email wpcf7-validates-as-required wpcf7-text wpcf7-validates-as-email\" aria-required=\"true\" aria-invalid=\"false\" value=\"\" type=\"email\" name=\"your-email\" \/><\/span>\n<\/p>\n<p> Deine Telefonnummer (Pflichtfeld)<br\n    <span class=\"wpcf7-form-control-wrap\" data-name=\"tel-799\"><input size=\"40\" maxlength=\"400\" class=\"wpcf7-form-control wpcf7-tel wpcf7-validates-as-required wpcf7-text wpcf7-validates-as-tel\" aria-required=\"true\" aria-invalid=\"false\" value=\"\" type=\"tel\" name=\"tel-799\" \/><\/span>\n<\/p>\n<p> Deine Nachricht<br \/>\n<span class=\"wpcf7-form-control-wrap\" data-name=\"your-message\"><textarea cols=\"40\" rows=\"10\" maxlength=\"2000\" class=\"wpcf7-form-control wpcf7-textarea\" aria-invalid=\"false\" name=\"your-message\"><\/textarea><\/span>\n<\/p>\n<p><input class=\"wpcf7-form-control wpcf7-submit has-spinner\" type=\"submit\" value=\"Senden\" \/>\n<\/p><div class=\"wpcf7-response-output\" aria-hidden=\"true\"><\/div>\n<\/form>\n<\/div>\n\n<hr \/>\n<p><strong>Datenschutz<\/strong><\/p>\n<p><strong><br \/>\n<\/strong>Ihre Kontaktdaten werden von uns intern gespeichert und zur Kontaktaufnahme und Buchungsabwicklung verwendet. Es erfolgt keine Weitergabe Ihrer Daten an Dritte.<\/p>\n<p>Sollten Sie das L\u00f6schen Ihrer Angaben w\u00fcnschen, dann k\u00f6nnen Sie uns zu jeder Zeit unter info@pension-ziegelwall.de kontaktieren.<\/p>\n<p>Weiter Informationen zum Thema Datenschutz finden Sie auch in unserer Datenschutzerkl\u00e4rung auf dieser Webseite.<\/p>\n<hr \/>\n","protected":false},"excerpt":{"rendered":"<p>Wir w\u00fcrden uns freuen, Sie in unserer Pension, in der Mitte der wundersch\u00f6nen Stadt Bautzen, begr\u00fc\u00dfen zu d\u00fcrfen. Ihre Buchungsanfrage k\u00f6nnen sie telefonisch, per E-Mail oder \u00fcber unten\u00a0stehendes\u00a0Kontaktformular problemlos\u00a0an uns richten. Telefon:\u00a0\u00a0\u00a003591\/ 5794002 oder \u00a0\u00a0\u00a0\u00a0\u00a0\u00a0\u00a0\u00a0\u00a0\u00a0\u00a0\u00a0\u00a0\u00a0\u00a0\u00a0\u00a0\u00a0\u00a0\u00a0 0173\/ 4826157 und 0173\/ 4827397 E-Mail:\u00a0\u00a0\u00a0\u00a0\u00a0info@pension-ziegelwall.de Datenschutz Ihre Kontaktdaten werden von uns intern gespeichert und zur Kontaktaufnahme und Buchungsabwicklung verwendet. &hellip; <\/p>\n<p class=\"link-more\"><a href=\"https:\/\/pension-ziegelwall.de\/?page_id=82\" class=\"more-link\"><span class=\"screen-reader-text\">\u201eZimmeranfrage\u201c<\/span> weiterlesen<\/a><\/p>\n","protected":false},"author":1,"featured_media":0,"parent":0,"menu_order":0,"comment_status":"closed","ping_status":"closed","template":"","meta":{"footnotes":""},"class_list":["post-82","page","type-page","status-publish","hentry"],"_links":{"self":[{"href":"https:\/\/pension-ziegelwall.de\/index.php?rest_route=\/wp\/v2\/pages\/82","targetHints":{"allow":["GET"]}}],"collection":[{"href":"https:\/\/pension-ziegelwall.de\/index.php?rest_route=\/wp\/v2\/pages"}],"about":[{"href":"https:\/\/pension-ziegelwall.de\/index.php?rest_route=\/wp\/v2\/types\/page"}],"author":[{"embeddable":true,"href":"https:\/\/pension-ziegelwall.de\/index.php?rest_route=\/wp\/v2\/users\/1"}],"replies":[{"embeddable":true,"href":"https:\/\/pension-ziegelwall.de\/index.php?rest_route=%2Fwp%2Fv2%2Fcomments&post=82"}],"version-history":[{"count":19,"href":"https:\/\/pension-ziegelwall.de\/index.php?rest_route=\/wp\/v2\/pages\/82\/revisions"}],"predecessor-version":[{"id":335,"href":"https:\/\/pension-ziegelwall.de\/index.php?rest_route=\/wp\/v2\/pages\/82\/revisions\/335"}],"wp:attachment":[{"href":"https:\/\/pension-ziegelwall.de\/index.php?rest_route=%2Fwp%2Fv2%2Fmedia&parent=82"}],"curies":[{"name":"wp","href":"https:\/\/api.w.org\/{rel}","templated":true}]}}