{"id":92,"date":"2017-03-24T12:17:58","date_gmt":"2017-03-24T12:17:58","guid":{"rendered":"http:\/\/pension-ziegelwall.de\/?page_id=92"},"modified":"2021-12-10T08:45:27","modified_gmt":"2021-12-10T08:45:27","slug":"ihr-gastgeber","status":"publish","type":"page","link":"https:\/\/pension-ziegelwall.de\/?page_id=92","title":{"rendered":"Ihr Gastgeber"},"content":{"rendered":"<p>Die Firma\u00a0<em><strong> <a href=\"http:\/\/www.energie-bautzen.de\" target=\"_blank\" rel=\"noopener\">energie bautzen eG<\/a>\u00a0<\/strong><\/em> wurde am 10.10.1962 als PGH Energie Bautzen gegr\u00fcndet. Im Jahr 1991 erfolgte die Umfirmierung in die energie bautzen eG. Von anf\u00e4nglich 7 Firmengr\u00fcndern expandierte das Unternehmen auf momentan ca. 45 festangestellte Mitarbeiter. Viele unserer heutigen Fachkr\u00e4fte begannen als Lehrlinge in der Firma ihre berufliche Laufbahn. Urspr\u00fcnglich war das Hauptt\u00e4tigkeitsgebiet die klassische Elektroinstallation.<\/p>\n<p>Seit 1991 spezialisierte sich das Unternehmen auf die Datennetzwerktechnik f\u00fcr Glas- und Kupfernetze. Telefon-, Wechselsprech- und Satellitenanlagen erg\u00e4nzen unsere Angebotspalette.<\/p>\n<p>1997 wurde das Unternehmen energie bautzen eG als \u201eEuropean Installation Bus Association (EIBA)-Partner\u201c zertifiziert.<\/p>\n<p>Als weiteren innovativen Gesch\u00e4ftszweig bietet das Unternehmen die Planung, Errichtung und Inbetriebnahme von Photovoltaikanlagen an. Wir sind vorwiegend bundesweit t\u00e4tig, realisieren aber auch Projekte im europ\u00e4ischen Ausland.<\/p>\n\n\n<p><\/p>\n","protected":false},"excerpt":{"rendered":"<p>Die Firma\u00a0 energie bautzen eG\u00a0 wurde am 10.10.1962 als PGH Energie Bautzen gegr\u00fcndet. Im Jahr 1991 erfolgte die Umfirmierung in die energie bautzen eG. Von anf\u00e4nglich 7 Firmengr\u00fcndern expandierte das Unternehmen auf momentan ca. 45 festangestellte Mitarbeiter. Viele unserer heutigen Fachkr\u00e4fte begannen als Lehrlinge in der Firma ihre berufliche Laufbahn. Urspr\u00fcnglich war das Hauptt\u00e4tigkeitsgebiet die &hellip; <\/p>\n<p class=\"link-more\"><a href=\"https:\/\/pension-ziegelwall.de\/?page_id=92\" class=\"more-link\"><span class=\"screen-reader-text\">\u201eIhr Gastgeber\u201c<\/span> weiterlesen<\/a><\/p>\n","protected":false},"author":1,"featured_media":0,"parent":0,"menu_order":0,"comment_status":"closed","ping_status":"closed","template":"","meta":{"footnotes":""},"class_list":["post-92","page","type-page","status-publish","hentry"],"_links":{"self":[{"href":"https:\/\/pension-ziegelwall.de\/index.php?rest_route=\/wp\/v2\/pages\/92","targetHints":{"allow":["GET"]}}],"collection":[{"href":"https:\/\/pension-ziegelwall.de\/index.php?rest_route=\/wp\/v2\/pages"}],"about":[{"href":"https:\/\/pension-ziegelwall.de\/index.php?rest_route=\/wp\/v2\/types\/page"}],"author":[{"embeddable":true,"href":"https:\/\/pension-ziegelwall.de\/index.php?rest_route=\/wp\/v2\/users\/1"}],"replies":[{"embeddable":true,"href":"https:\/\/pension-ziegelwall.de\/index.php?rest_route=%2Fwp%2Fv2%2Fcomments&post=92"}],"version-history":[{"count":6,"href":"https:\/\/pension-ziegelwall.de\/index.php?rest_route=\/wp\/v2\/pages\/92\/revisions"}],"predecessor-version":[{"id":515,"href":"https:\/\/pension-ziegelwall.de\/index.php?rest_route=\/wp\/v2\/pages\/92\/revisions\/515"}],"wp:attachment":[{"href":"https:\/\/pension-ziegelwall.de\/index.php?rest_route=%2Fwp%2Fv2%2Fmedia&parent=92"}],"curies":[{"name":"wp","href":"https:\/\/api.w.org\/{rel}","templated":true}]}}